{"id":1041,"date":"2023-09-01T11:29:07","date_gmt":"2023-09-01T11:29:07","guid":{"rendered":"https:\/\/wp.ditsolution.net\/constre\/?page_id=1041"},"modified":"2025-10-12T13:24:45","modified_gmt":"2025-10-12T13:24:45","slug":"kontakt","status":"publish","type":"page","link":"https:\/\/geodelta.rs\/en\/kontakt\/","title":{"rendered":"Contact"},"content":{"rendered":"<div data-elementor-type=\"wp-page\" data-elementor-id=\"1041\" class=\"elementor elementor-1041\">\n\t\t\t\t\t\t<section class=\"elementor-section elementor-top-section elementor-element elementor-element-9e271d3 elementor-section-boxed elementor-section-height-default elementor-section-height-default\" data-id=\"9e271d3\" data-element_type=\"section\" data-e-type=\"section\" data-settings=\"{&quot;background_background&quot;:&quot;classic&quot;}\">\n\t\t\t\t\t\t<div class=\"elementor-container elementor-column-gap-default\">\n\t\t\t\t\t<div class=\"elementor-column elementor-col-100 elementor-top-column elementor-element elementor-element-89248d1\" data-id=\"89248d1\" data-element_type=\"column\" data-e-type=\"column\">\n\t\t\t<div class=\"elementor-widget-wrap elementor-element-populated\">\n\t\t\t\t\t\t<section class=\"elementor-section elementor-inner-section elementor-element elementor-element-6b80f86 elementor-section-boxed elementor-section-height-default elementor-section-height-default\" data-id=\"6b80f86\" data-element_type=\"section\" data-e-type=\"section\">\n\t\t\t\t\t\t<div class=\"elementor-container elementor-column-gap-default\">\n\t\t\t\t\t<div class=\"elementor-column elementor-col-25 elementor-inner-column elementor-element elementor-element-2d4004c\" data-id=\"2d4004c\" data-element_type=\"column\" data-e-type=\"column\">\n\t\t\t<div class=\"elementor-widget-wrap elementor-element-populated\">\n\t\t\t\t\t\t<div class=\"elementor-element elementor-element-3816bd3 elementor-widget elementor-widget-feature-box\" data-id=\"3816bd3\" data-element_type=\"widget\" data-e-type=\"widget\" data-widget_type=\"feature-box.default\">\n\t\t\t\t<div class=\"elementor-widget-container\">\n\t\t\t\t\t\r\n\t\t\r\n\t\t\t<div class=\"feature-box style2\">\r\n\t\t\t\t\r\n\t\t\t\t<div class=\"feature-box-icon\">\r\n\t\t\t\t\t<i aria-hidden=\"true\" class=\"flaticon flaticon-call\"><\/i>\t\t\t\t<\/div>\t\t\t\r\n\t\t\t\t\r\n\t\t\t\t<div class=\"feature-box-content\">\r\n\r\n\t\t\t\t\t<div class=\"feature-box-title\">\r\n\t\t\t\t\t\t<h2>Aleksandar Zari\u0107<\/h2>\r\n\t\t\t\t\t<\/div>\r\n\r\n\t\t\t\t\t<p class=\"feature-box-desc\">Master of Geodesy Engineer\n065 347 0141\n<\/p>\r\n\r\n\t\t\t\t<\/div>\r\n\t\t\t<\/div>\r\n\r\n\t\t\r\n\t\t\t\t\t<\/div>\n\t\t\t\t<\/div>\n\t\t\t\t\t<\/div>\n\t\t<\/div>\n\t\t\t\t<div class=\"elementor-column elementor-col-25 elementor-inner-column elementor-element elementor-element-c0464e2\" data-id=\"c0464e2\" data-element_type=\"column\" data-e-type=\"column\">\n\t\t\t<div class=\"elementor-widget-wrap elementor-element-populated\">\n\t\t\t\t\t\t<div class=\"elementor-element elementor-element-3d19166 elementor-widget elementor-widget-feature-box\" data-id=\"3d19166\" data-element_type=\"widget\" data-e-type=\"widget\" data-widget_type=\"feature-box.default\">\n\t\t\t\t<div class=\"elementor-widget-container\">\n\t\t\t\t\t\r\n\t\t\r\n\t\t\t<div class=\"feature-box style2\">\r\n\t\t\t\t\r\n\t\t\t\t<div class=\"feature-box-icon\">\r\n\t\t\t\t\t<i aria-hidden=\"true\" class=\"flaticon flaticon-call\"><\/i>\t\t\t\t<\/div>\t\t\t\r\n\t\t\t\t\r\n\t\t\t\t<div class=\"feature-box-content\">\r\n\r\n\t\t\t\t\t<div class=\"feature-box-title\">\r\n\t\t\t\t\t\t<h2>Miodrag Petranjeskovi\u0107<\/h2>\r\n\t\t\t\t\t<\/div>\r\n\r\n\t\t\t\t\t<p class=\"feature-box-desc\">Geodetic Engineer\n065\u00a09952\u00a0701<\/p>\r\n\r\n\t\t\t\t<\/div>\r\n\t\t\t<\/div>\r\n\r\n\t\t\r\n\t\t\t\t\t<\/div>\n\t\t\t\t<\/div>\n\t\t\t\t\t<\/div>\n\t\t<\/div>\n\t\t\t\t<div class=\"elementor-column elementor-col-25 elementor-inner-column elementor-element elementor-element-887aa5f\" data-id=\"887aa5f\" data-element_type=\"column\" data-e-type=\"column\">\n\t\t\t<div class=\"elementor-widget-wrap elementor-element-populated\">\n\t\t\t\t\t\t<div class=\"elementor-element elementor-element-a13dec2 elementor-widget elementor-widget-feature-box\" data-id=\"a13dec2\" data-element_type=\"widget\" data-e-type=\"widget\" data-widget_type=\"feature-box.default\">\n\t\t\t\t<div class=\"elementor-widget-container\">\n\t\t\t\t\t\r\n\t\t\r\n\t\t\t<div class=\"feature-box style2\">\r\n\t\t\t\t\r\n\t\t\t\t<div class=\"feature-box-icon\">\r\n\t\t\t\t\t<i aria-hidden=\"true\" class=\"flaticon flaticon-email\"><\/i>\t\t\t\t<\/div>\t\t\t\r\n\t\t\t\t\r\n\t\t\t\t<div class=\"feature-box-content\">\r\n\r\n\t\t\t\t\t<div class=\"feature-box-title\">\r\n\t\t\t\t\t\t<h2>E-mail<\/h2>\r\n\t\t\t\t\t<\/div>\r\n\r\n\t\t\t\t\t<p class=\"feature-box-desc\"><br>\noffice.geodelta@gmail.com\n<\/p>\r\n\r\n\t\t\t\t<\/div>\r\n\t\t\t<\/div>\r\n\r\n\t\t\r\n\t\t\t\t\t<\/div>\n\t\t\t\t<\/div>\n\t\t\t\t\t<\/div>\n\t\t<\/div>\n\t\t\t\t<div class=\"elementor-column elementor-col-25 elementor-inner-column elementor-element elementor-element-a1b22fd\" data-id=\"a1b22fd\" data-element_type=\"column\" data-e-type=\"column\">\n\t\t\t<div class=\"elementor-widget-wrap elementor-element-populated\">\n\t\t\t\t\t\t<div class=\"elementor-element elementor-element-969de3a elementor-widget elementor-widget-feature-box\" data-id=\"969de3a\" data-element_type=\"widget\" data-e-type=\"widget\" data-widget_type=\"feature-box.default\">\n\t\t\t\t<div class=\"elementor-widget-container\">\n\t\t\t\t\t\r\n\t\t\r\n\t\t\t<div class=\"feature-box style2\">\r\n\t\t\t\t\r\n\t\t\t\t<div class=\"feature-box-icon\">\r\n\t\t\t\t\t<i aria-hidden=\"true\" class=\"flaticon flaticon-pin-1\"><\/i>\t\t\t\t<\/div>\t\t\t\r\n\t\t\t\t\r\n\t\t\t\t<div class=\"feature-box-content\">\r\n\r\n\t\t\t\t\t<div class=\"feature-box-title\">\r\n\t\t\t\t\t\t<h2>Address<\/h2>\r\n\t\t\t\t\t<\/div>\r\n\r\n\t\t\t\t\t<p class=\"feature-box-desc\"><br>\nMilana Raki\u0107a 80 <\/p>\r\n\r\n\t\t\t\t<\/div>\r\n\t\t\t<\/div>\r\n\r\n\t\t\r\n\t\t\t\t\t<\/div>\n\t\t\t\t<\/div>\n\t\t\t\t\t<\/div>\n\t\t<\/div>\n\t\t\t\t\t<\/div>\n\t\t<\/section>\n\t\t\t\t<section class=\"elementor-section elementor-inner-section elementor-element elementor-element-0c3123a elementor-section-boxed elementor-section-height-default elementor-section-height-default\" data-id=\"0c3123a\" data-element_type=\"section\" data-e-type=\"section\">\n\t\t\t\t\t\t<div class=\"elementor-container elementor-column-gap-default\">\n\t\t\t\t\t<div class=\"elementor-column elementor-col-33 elementor-inner-column elementor-element elementor-element-6be72da\" data-id=\"6be72da\" data-element_type=\"column\" data-e-type=\"column\">\n\t\t\t<div class=\"elementor-widget-wrap\">\n\t\t\t\t\t\t\t<\/div>\n\t\t<\/div>\n\t\t\t\t<div class=\"elementor-column elementor-col-33 elementor-inner-column elementor-element elementor-element-e234175\" data-id=\"e234175\" data-element_type=\"column\" data-e-type=\"column\">\n\t\t\t<div class=\"elementor-widget-wrap elementor-element-populated\">\n\t\t\t\t\t\t<section class=\"elementor-section elementor-inner-section elementor-element elementor-element-8e95734 elementor-section-boxed elementor-section-height-default elementor-section-height-default\" data-id=\"8e95734\" data-element_type=\"section\" data-e-type=\"section\" data-settings=\"{&quot;background_background&quot;:&quot;classic&quot;}\">\n\t\t\t\t\t\t<div class=\"elementor-container elementor-column-gap-default\">\n\t\t\t\t\t<div class=\"elementor-column elementor-col-100 elementor-inner-column elementor-element elementor-element-79a6a30\" data-id=\"79a6a30\" data-element_type=\"column\" data-e-type=\"column\">\n\t\t\t<div class=\"elementor-widget-wrap elementor-element-populated\">\n\t\t\t\t\t\t<div class=\"elementor-element elementor-element-8e3d3b3 elementor-widget elementor-widget-section-title\" data-id=\"8e3d3b3\" data-element_type=\"widget\" data-e-type=\"widget\" data-widget_type=\"section-title.default\">\n\t\t\t\t<div class=\"elementor-widget-container\">\n\t\t\t\t\t\r\n\t\t\r\n\t\t\t<div class=\"section-title style1\">\r\n\t\t\t\t<div class=\"section-title center\">\r\n\t\t\t\t\t \r\n\t\t\t\t\t\t<h5 class=\"subtitle\">GEODELTA ENGINEERING<\/h5>\r\n\t\t\t\t\t\t\t\t\t\t\r\n\t\t\t\t\t \r\n\t\t\t\t\t\t<h3 class=\"title\">Contact us<\/h3>\r\n\t\t\t\t\t\t\t\t\t\t\r\n\t\t\t\t\t\t\t\t\t<\/div>\r\n\t\t\t<\/div>\r\n\r\n\t\t\r\n\t\t\t\t\t\t<\/div>\n\t\t\t\t<\/div>\n\t\t\t\t<div class=\"elementor-element elementor-element-8df3ecb elementor-widget elementor-widget-shortcode\" data-id=\"8df3ecb\" data-element_type=\"widget\" data-e-type=\"widget\" data-widget_type=\"shortcode.default\">\n\t\t\t\t\t\t\t<div class=\"elementor-shortcode\">\n<div class=\"wpcf7 no-js\" id=\"wpcf7-f1043-o1\" lang=\"en-US\" dir=\"ltr\" data-wpcf7-id=\"1043\">\n<div class=\"screen-reader-response\"><p role=\"status\" aria-live=\"polite\" aria-atomic=\"true\"><\/p> <ul><\/ul><\/div>\n<form action=\"\/en\/wp-json\/wp\/v2\/pages\/1041#wpcf7-f1043-o1\" method=\"post\" class=\"wpcf7-form init\" aria-label=\"Contact form\" novalidate=\"novalidate\" data-status=\"init\" data-trp-original-action=\"\/en\/wp-json\/wp\/v2\/pages\/1041#wpcf7-f1043-o1\">\n<fieldset class=\"hidden-fields-container\"><input type=\"hidden\" name=\"_wpcf7\" value=\"1043\" \/><input type=\"hidden\" name=\"_wpcf7_version\" value=\"6.1.5\" \/><input type=\"hidden\" name=\"_wpcf7_locale\" value=\"en_US\" \/><input type=\"hidden\" name=\"_wpcf7_unit_tag\" value=\"wpcf7-f1043-o1\" \/><input type=\"hidden\" name=\"_wpcf7_container_post\" value=\"0\" \/><input type=\"hidden\" name=\"_wpcf7_posted_data_hash\" value=\"\" \/>\n<\/fieldset>\n<div class=\"form-area contact-form contact_one\">\n\t<div class=\"form-inner\">\n\t\t<div class=\"form-controls row\">\n\t\t\t<div class=\"col-md-6\">\n\t\t\t\t<div class=\"form-group\">\n\t\t\t\t\t<p><span class=\"wpcf7-form-control-wrap\" data-name=\"sub\"><input size=\"40\" maxlength=\"400\" class=\"wpcf7-form-control wpcf7-text wpcf7-validates-as-required form-control\" aria-required=\"true\" aria-invalid=\"false\" placeholder=\"First and Last Name\" value=\"\" type=\"text\" name=\"sub\" \/><\/span>\n\t\t\t\t\t<\/p>\n\t\t\t\t<\/div>\n\t\t\t<\/div>\n\t\t\t<div class=\"col-md-6\">\n\t\t\t\t<div class=\"form-group\">\n\t\t\t\t\t<p><span class=\"wpcf7-form-control-wrap\" data-name=\"sub2\"><input size=\"40\" maxlength=\"400\" class=\"wpcf7-form-control wpcf7-email wpcf7-validates-as-required wpcf7-text wpcf7-validates-as-email form-control\" aria-required=\"true\" aria-invalid=\"false\" placeholder=\"E-mail\" value=\"\" type=\"email\" name=\"sub2\" \/><\/span>\n\t\t\t\t\t<\/p>\n\t\t\t\t<\/div>\n\t\t\t<\/div>\n\t\t\t<div class=\"col-md-12\">\n\t\t\t\t<div class=\"form-group\">\n\t\t\t\t\t<p><span class=\"wpcf7-form-control-wrap\" data-name=\"sub3\"><input size=\"40\" maxlength=\"400\" class=\"wpcf7-form-control wpcf7-text wpcf7-validates-as-required form-control\" aria-required=\"true\" aria-invalid=\"false\" placeholder=\"Subject\" value=\"\" type=\"text\" name=\"sub3\" \/><\/span>\n\t\t\t\t\t<\/p>\n\t\t\t\t<\/div>\n\t\t\t<\/div>\n\t\t\t<div class=\"col-md-12\">\n\t\t\t\t<div class=\"form-group\">\n\t\t\t\t\t<p><span class=\"wpcf7-form-control-wrap\" data-name=\"textarea-234\"><textarea cols=\"20\" rows=\"7\" maxlength=\"2000\" class=\"wpcf7-form-control wpcf7-textarea form-control\" aria-invalid=\"false\" placeholder=\"Your message...\" name=\"textarea-234\"><\/textarea><\/span>\n\t\t\t\t\t<\/p>\n\t\t\t\t<\/div>\n\t\t\t<\/div>\n\t\t\t<div class=\"col-md-12\">\n\t\t\t\t<div class=\"form-group\">\n\t\t\t\t\t<div class=\"buttons\">\n\t\t\t\t\t\t<p><input class=\"wpcf7-form-control wpcf7-submit has-spinner button\" type=\"submit\" value=\"SEND\" \/>\n\t\t\t\t\t\t<\/p>\n\t\t\t\t\t<\/div>\n\t\t\t\t<\/div>\n\t\t\t<\/div>\n\t\t<\/div>\n\t<\/div>\n<\/div><div class=\"wpcf7-response-output\" aria-hidden=\"true\"><\/div>\n<input type=\"hidden\" name=\"trp-form-language\" value=\"en\"\/><\/form>\n<\/div>\n<\/div>\n\t\t\t\t\t\t<\/div>\n\t\t\t\t\t<\/div>\n\t\t<\/div>\n\t\t\t\t\t<\/div>\n\t\t<\/section>\n\t\t\t\t\t<\/div>\n\t\t<\/div>\n\t\t\t\t<div class=\"elementor-column elementor-col-33 elementor-inner-column elementor-element elementor-element-c3489fd\" data-id=\"c3489fd\" data-element_type=\"column\" data-e-type=\"column\">\n\t\t\t<div class=\"elementor-widget-wrap\">\n\t\t\t\t\t\t\t<\/div>\n\t\t<\/div>\n\t\t\t\t\t<\/div>\n\t\t<\/section>\n\t\t\t\t\t<\/div>\n\t\t<\/div>\n\t\t\t\t\t<\/div>\n\t\t<\/section>\n\t\t\t\t<section class=\"elementor-section elementor-top-section elementor-element elementor-element-b89b0b2 elementor-section-full_width elementor-section-height-default elementor-section-height-default\" data-id=\"b89b0b2\" data-element_type=\"section\" data-e-type=\"section\">\n\t\t\t\t\t\t<div class=\"elementor-container elementor-column-gap-no\">\n\t\t\t\t\t<div class=\"elementor-column elementor-col-100 elementor-top-column elementor-element elementor-element-fde7d15\" data-id=\"fde7d15\" data-element_type=\"column\" data-e-type=\"column\">\n\t\t\t<div class=\"elementor-widget-wrap elementor-element-populated\">\n\t\t\t\t\t\t<div class=\"elementor-element elementor-element-a6191f6 elementor-widget elementor-widget-google_maps\" data-id=\"a6191f6\" data-element_type=\"widget\" data-e-type=\"widget\" data-widget_type=\"google_maps.default\">\n\t\t\t\t\t\t\t<div class=\"elementor-custom-embed\">\n\t\t\t<iframe loading=\"lazy\"\n\t\t\t\t\tsrc=\"https:\/\/maps.google.com\/maps?q=MILANA%20RAKI%C4%86A%2080.%20Beograd&#038;t=m&#038;z=17&#038;output=embed&#038;iwloc=near\"\n\t\t\t\t\ttitle=\"MILANA RAKI\u0106A 80. Beograd\"\n\t\t\t\t\taria-label=\"MILANA RAKI\u0106A 80. Beograd\"\n\t\t\t><\/iframe>\n\t\t<\/div>\n\t\t\t\t\t\t<\/div>\n\t\t\t\t\t<\/div>\n\t\t<\/div>\n\t\t\t\t\t<\/div>\n\t\t<\/section>\n\t\t\t\t<\/div>","protected":false},"excerpt":{"rendered":"<p>Aleksandar Zari\u0107 master in\u017eenjer geodezije 065 347 0141 Miodrag Petranjeskovi\u0107 in\u017eenjer geodezije 065\u00a09952\u00a0701 E-mail office.geodelta@gmail.com Adresa Milana Raki\u0107a 80 GEODELTA IN\u017dENJERING Kontaktirajte nas<\/p>","protected":false},"author":1,"featured_media":0,"parent":0,"menu_order":0,"comment_status":"closed","ping_status":"closed","template":"page-templates\/template-default.php","meta":{"footnotes":""},"class_list":["post-1041","page","type-page","status-publish","hentry"],"yoast_head":"<!-- This site is optimized with the Yoast SEO plugin v27.2 - https:\/\/yoast.com\/product\/yoast-seo-wordpress\/ -->\n<title>Kontakt - Geodelta<\/title>\n<meta name=\"robots\" content=\"index, follow, max-snippet:-1, max-image-preview:large, max-video-preview:-1\" \/>\n<link rel=\"canonical\" href=\"https:\/\/geodelta.rs\/en\/kontakt\/\" \/>\n<meta property=\"og:locale\" content=\"en_GB\" \/>\n<meta property=\"og:type\" content=\"article\" \/>\n<meta property=\"og:title\" content=\"Kontakt - Geodelta\" \/>\n<meta property=\"og:description\" content=\"Aleksandar Zari\u0107 master in\u017eenjer geodezije 065 347 0141 Miodrag Petranjeskovi\u0107 in\u017eenjer geodezije 065\u00a09952\u00a0701 E-mail office.geodelta@gmail.com Adresa Milana Raki\u0107a 80 GEODELTA IN\u017dENJERING Kontaktirajte nas\" \/>\n<meta property=\"og:url\" content=\"https:\/\/geodelta.rs\/en\/kontakt\/\" \/>\n<meta property=\"og:site_name\" content=\"Geodelta\" \/>\n<meta property=\"article:modified_time\" content=\"2025-10-12T13:24:45+00:00\" \/>\n<meta property=\"og:image\" content=\"https:\/\/geodelta.rs\/wp-content\/uploads\/2025\/09\/Feature-1.webp\" \/>\n\t<meta property=\"og:image:width\" content=\"1200\" \/>\n\t<meta property=\"og:image:height\" content=\"675\" \/>\n\t<meta property=\"og:image:type\" content=\"image\/webp\" \/>\n<meta name=\"twitter:card\" content=\"summary_large_image\" \/>\n<meta name=\"twitter:label1\" content=\"Estimated reading time\" \/>\n\t<meta name=\"twitter:data1\" content=\"1 minute\" \/>\n<script type=\"application\/ld+json\" class=\"yoast-schema-graph\">{\"@context\":\"https:\/\/schema.org\",\"@graph\":[{\"@type\":\"WebPage\",\"@id\":\"https:\/\/geodelta.rs\/kontakt\/\",\"url\":\"https:\/\/geodelta.rs\/kontakt\/\",\"name\":\"Kontakt - Geodelta\",\"isPartOf\":{\"@id\":\"https:\/\/geodelta.rs\/#website\"},\"datePublished\":\"2023-09-01T11:29:07+00:00\",\"dateModified\":\"2025-10-12T13:24:45+00:00\",\"breadcrumb\":{\"@id\":\"https:\/\/geodelta.rs\/kontakt\/#breadcrumb\"},\"inLanguage\":\"en-GB\",\"potentialAction\":[{\"@type\":\"ReadAction\",\"target\":[\"https:\/\/geodelta.rs\/kontakt\/\"]}]},{\"@type\":\"BreadcrumbList\",\"@id\":\"https:\/\/geodelta.rs\/kontakt\/#breadcrumb\",\"itemListElement\":[{\"@type\":\"ListItem\",\"position\":1,\"name\":\"Po\u010detna\",\"item\":\"https:\/\/geodelta.rs\/\"},{\"@type\":\"ListItem\",\"position\":2,\"name\":\"Kontakt\"}]},{\"@type\":\"WebSite\",\"@id\":\"https:\/\/geodelta.rs\/#website\",\"url\":\"https:\/\/geodelta.rs\/\",\"name\":\"Geodelta\",\"description\":\"In\u017eenjering\",\"publisher\":{\"@id\":\"https:\/\/geodelta.rs\/#organization\"},\"alternateName\":\"Geo\",\"potentialAction\":[{\"@type\":\"SearchAction\",\"target\":{\"@type\":\"EntryPoint\",\"urlTemplate\":\"https:\/\/geodelta.rs\/?s={search_term_string}\"},\"query-input\":{\"@type\":\"PropertyValueSpecification\",\"valueRequired\":true,\"valueName\":\"search_term_string\"}}],\"inLanguage\":\"en-GB\"},{\"@type\":\"Organization\",\"@id\":\"https:\/\/geodelta.rs\/#organization\",\"name\":\"Geodelta In\u017eenjering\",\"alternateName\":\"Geodelta\",\"url\":\"https:\/\/geodelta.rs\/\",\"logo\":{\"@type\":\"ImageObject\",\"inLanguage\":\"en-GB\",\"@id\":\"https:\/\/geodelta.rs\/#\/schema\/logo\/image\/\",\"url\":\"https:\/\/geodelta.rs\/wp-content\/uploads\/2025\/09\/Logo.webp\",\"contentUrl\":\"https:\/\/geodelta.rs\/wp-content\/uploads\/2025\/09\/Logo.webp\",\"width\":696,\"height\":696,\"caption\":\"Geodelta In\u017eenjering\"},\"image\":{\"@id\":\"https:\/\/geodelta.rs\/#\/schema\/logo\/image\/\"}}]}<\/script>\n<!-- \/ Yoast SEO plugin. -->","yoast_head_json":{"title":"Contact - Geodelta","robots":{"index":"index","follow":"follow","max-snippet":"max-snippet:-1","max-image-preview":"max-image-preview:large","max-video-preview":"max-video-preview:-1"},"canonical":"https:\/\/geodelta.rs\/en\/kontakt\/","og_locale":"en_GB","og_type":"article","og_title":"Kontakt - Geodelta","og_description":"Aleksandar Zari\u0107 master in\u017eenjer geodezije 065 347 0141 Miodrag Petranjeskovi\u0107 in\u017eenjer geodezije 065\u00a09952\u00a0701 E-mail office.geodelta@gmail.com Adresa Milana Raki\u0107a 80 GEODELTA IN\u017dENJERING Kontaktirajte nas","og_url":"https:\/\/geodelta.rs\/en\/kontakt\/","og_site_name":"Geodelta","article_modified_time":"2025-10-12T13:24:45+00:00","og_image":[{"width":1200,"height":675,"url":"https:\/\/geodelta.rs\/wp-content\/uploads\/2025\/09\/Feature-1.webp","type":"image\/webp"}],"twitter_card":"summary_large_image","twitter_misc":{"Estimated reading time":"1 minute"},"schema":{"@context":"https:\/\/schema.org","@graph":[{"@type":"WebPage","@id":"https:\/\/geodelta.rs\/kontakt\/","url":"https:\/\/geodelta.rs\/kontakt\/","name":"Contact - Geodelta","isPartOf":{"@id":"https:\/\/geodelta.rs\/#website"},"datePublished":"2023-09-01T11:29:07+00:00","dateModified":"2025-10-12T13:24:45+00:00","breadcrumb":{"@id":"https:\/\/geodelta.rs\/kontakt\/#breadcrumb"},"inLanguage":"en-GB","potentialAction":[{"@type":"ReadAction","target":["https:\/\/geodelta.rs\/kontakt\/"]}]},{"@type":"BreadcrumbList","@id":"https:\/\/geodelta.rs\/kontakt\/#breadcrumb","itemListElement":[{"@type":"ListItem","position":1,"name":"Po\u010detna","item":"https:\/\/geodelta.rs\/"},{"@type":"ListItem","position":2,"name":"Kontakt"}]},{"@type":"WebSite","@id":"https:\/\/geodelta.rs\/#website","url":"https:\/\/geodelta.rs\/","name":"Geodelta","description":"In\u017eenjering","publisher":{"@id":"https:\/\/geodelta.rs\/#organization"},"alternateName":"Geo","potentialAction":[{"@type":"SearchAction","target":{"@type":"EntryPoint","urlTemplate":"https:\/\/geodelta.rs\/?s={search_term_string}"},"query-input":{"@type":"PropertyValueSpecification","valueRequired":true,"valueName":"search_term_string"}}],"inLanguage":"en-GB"},{"@type":"Organization","@id":"https:\/\/geodelta.rs\/#organization","name":"Geodelta In\u017eenjering","alternateName":"Geodelta","url":"https:\/\/geodelta.rs\/","logo":{"@type":"ImageObject","inLanguage":"en-GB","@id":"https:\/\/geodelta.rs\/#\/schema\/logo\/image\/","url":"https:\/\/geodelta.rs\/wp-content\/uploads\/2025\/09\/Logo.webp","contentUrl":"https:\/\/geodelta.rs\/wp-content\/uploads\/2025\/09\/Logo.webp","width":696,"height":696,"caption":"Geodelta In\u017eenjering"},"image":{"@id":"https:\/\/geodelta.rs\/#\/schema\/logo\/image\/"}}]}},"_links":{"self":[{"href":"https:\/\/geodelta.rs\/en\/wp-json\/wp\/v2\/pages\/1041","targetHints":{"allow":["GET"]}}],"collection":[{"href":"https:\/\/geodelta.rs\/en\/wp-json\/wp\/v2\/pages"}],"about":[{"href":"https:\/\/geodelta.rs\/en\/wp-json\/wp\/v2\/types\/page"}],"author":[{"embeddable":true,"href":"https:\/\/geodelta.rs\/en\/wp-json\/wp\/v2\/users\/1"}],"replies":[{"embeddable":true,"href":"https:\/\/geodelta.rs\/en\/wp-json\/wp\/v2\/comments?post=1041"}],"version-history":[{"count":16,"href":"https:\/\/geodelta.rs\/en\/wp-json\/wp\/v2\/pages\/1041\/revisions"}],"predecessor-version":[{"id":5604,"href":"https:\/\/geodelta.rs\/en\/wp-json\/wp\/v2\/pages\/1041\/revisions\/5604"}],"wp:attachment":[{"href":"https:\/\/geodelta.rs\/en\/wp-json\/wp\/v2\/media?parent=1041"}],"curies":[{"name":"wp","href":"https:\/\/api.w.org\/{rel}","templated":true}]}}